{"id":3077,"date":"2017-11-09T08:10:17","date_gmt":"2017-11-09T08:10:17","guid":{"rendered":"http:\/\/wordpress.creativegigs.net\/faster3\/?page_id=332"},"modified":"2022-01-08T18:13:00","modified_gmt":"2022-01-08T18:13:00","slug":"home","status":"publish","type":"page","link":"https:\/\/www.bitutanak.com\/","title":{"rendered":"Anasayfa"},"content":{"rendered":"<p>[vc_row full_width=&#8221;stretch_row_content_no_spaces&#8221;][vc_column]\r\n            <div class=\"partical-bg-wrapper partical-gradient-two\" style=\"background: linear-gradient( 131deg, #f7a800 0%, #eb5d0b 100%) !important;\">\r\n        <div class=\"count-particles\">\r\n            <span class=\"js-count-particles\">--<\/span>\r\n        <\/div>\r\n        <div id=\"particles-js-two\"><\/div>\r\n                        <div id=\"theme-main-banner\" class=\"banner-one\">\r\n                <div data-src=\"https:\/\/www.bitutanak.com\/wp-content\/plugins\/aprimo-core\/shortcodes\/images\/slide-transparent.png\">\r\n                    <div class=\"camera_caption\">\r\n                        <div class=\"main-container\">\r\n                            <div class=\"container\">\r\n                                <h5 class=\"wow fadeInUp animated\" style=\"color: #ffffff;\"> Bitutanak <\/h5>\r\n                                <h1 class=\"wow fadeInUp animated\" style=\"color: #ffffff;\"> Kaza An\u0131nda<br \/>\nBitutanak Yan\u0131nda! <\/h1>\r\n                                <p class=\"wow fadeInUp animated\" style=\"color: rgba(255,255,255,0.85);\"> A\u015fa\u011f\u0131daki butonlara t\u0131klayarak uygulamam\u0131z\u0131 ula\u015fabilir<br \/>\nve telefonunuza y\u00fckleyebilirsiniz. <\/p>\r\n                                                                        <a href=\"#\" class=\"btn1 tran3s wow fadeInLeft animated button-one\" style='background: #252525; color: #ffffff; border-color: #252525;'                                           data-wow-delay=\"0.499s\" target=\"\">\r\n                                            <i class='fa fa-apple' aria-hidden='true'><\/i>App Store                                        <\/a>\r\n                                                                                <a href=\"#\" class=\"btn2 tran3s wow fadeInLeft animated button-one\" style='background: rgba(255,255,255,0.01); color: #ffffff; border-color: #ffffff;'                                           data-wow-delay=\"0.499s\" target=\"\">\r\n                                            <i class='fa fa-android' aria-hidden='true'><\/i>Play Store                                        <\/a>\r\n                                                                        <div class=\"image-wrapper wow fadeInUp animated\" data-wow-delay=\"0.75s\"\r\n                                     style=\"width: 43%; top: -175px; right: 0px; bottom: ; left: ;\">\r\n                                    <img decoding=\"async\" src=\"https:\/\/www.bitutanak.com\/wp-content\/uploads\/2022\/01\/slider.png\" alt=\"\">\r\n                                <\/div>\r\n                            <\/div>\r\n                        <\/div>\r\n                    <\/div>\r\n                <\/div>\r\n            <\/div>\r\n\r\n        <!-- <\/div> --> <\/div>\r\n    [\/vc_column][\/vc_row][vc_row el_id=&#8221;nasil-calisir&#8221;][vc_column css=&#8221;.vc_custom_1510585057371{padding-top: 0px !important;}&#8221;]\r\n    <div class=\"what-we-do bg\">\r\n        <div class=\"theme-title-one text-center\">\r\n            <h6> Bitutanak <\/h6>\r\n            <h2> Nas\u0131l \u00c7al\u0131\u015f\u0131r? <\/h2>\r\n        <\/div> <!-- \/.theme-title-one -->\r\n\r\n        <div class=\"row\">\r\n                            <div class=\"col-md-4 col-sm-6 col-xs-12 wow fadeInUp\">\r\n                    <div class=\"single-block tran3s\">\r\n                        <img decoding=\"async\" src=\"https:\/\/www.bitutanak.com\/wp-content\/uploads\/2022\/01\/01.png\" alt=\"\" class=\"tran4s\">\r\n                        <h6> Kaza Yapt\u0131m Butonuna Bas <\/h6>\r\n                        <p> Kaza yapt\u0131\u011f\u0131n\u0131zda uygulamaya girerek ilk \u00f6nce \"kaza yapt\u0131m\" butonuna basman\u0131z gerekiyor. <\/p>\r\n                        <a href=\"#\" class=\"tran3s theme-button\" ><span><\/span> Buton <\/a>\r\n                    <\/div> <!-- \/.single-block -->\r\n                <\/div>\r\n                                <div class=\"col-md-4 col-sm-6 col-xs-12 wow fadeInUp\">\r\n                    <div class=\"single-block tran3s\">\r\n                        <img decoding=\"async\" src=\"https:\/\/www.bitutanak.com\/wp-content\/uploads\/2022\/01\/02.png\" alt=\"\" class=\"tran4s\">\r\n                        <h6> Foto\u011fraf ve Videolar\u0131 Y\u00fckle <\/h6>\r\n                        <p> Ard\u0131ndan kaza ile ilgili foto\u011fraf ve videolar\u0131 y\u00fcklemelisiniz. <\/p>\r\n                        <a href=\"#\" class=\"tran3s theme-button\" ><span><\/span> Buton <\/a>\r\n                    <\/div> <!-- \/.single-block -->\r\n                <\/div>\r\n                                <div class=\"col-md-4 col-sm-6 col-xs-12 wow fadeInUp\">\r\n                    <div class=\"single-block tran3s\">\r\n                        <img decoding=\"async\" src=\"https:\/\/www.bitutanak.com\/wp-content\/uploads\/2022\/01\/03.png\" alt=\"\" class=\"tran4s\">\r\n                        <h6> Tutanak Kayd\u0131n\u0131 Tamamla <\/h6>\r\n                        <p> Son olarak da kaza ile ilgili tutanak kayd\u0131n\u0131 tamamlayabilirsiniz.  <\/p>\r\n                        <a href=\"#\" class=\"tran3s theme-button\" ><span><\/span> Buton <\/a>\r\n                    <\/div> <!-- \/.single-block -->\r\n                <\/div>\r\n                        <\/div> <!-- \/.row -->\r\n    <\/div>\r\n\r\n    [\/vc_column][\/vc_row][vc_row el_class=&#8221;advance-feature&#8221; el_id=&#8221;ayricaliklar&#8221;][vc_column width=&#8221;1\/2&#8243;]\r\n    <div class=\"feature-text\">\r\n        <div class=\"theme-title-two\">\r\n            <h2> Bitutanak<br \/>\nAyr\u0131caklar\u0131n\u0131 Ke\u015ffet! <\/h2>\r\n            <p> Bitutanak kaza an\u0131n\u0131zda yan\u0131n\u0131zda. Uygulamam\u0131z\u0131 iOS ve Android telefonlar\u0131n\u0131za kolayca indirebilirsiniz.  <\/p>\r\n        <\/div> <!-- \/.theme-title-two -->\r\n                    <p> Uygulamam\u0131z\u0131 telefonunuza y\u00fckleyerek kaza yapt\u0131ktan sonra gerekli i\u015flemleri kolayca yerine getirebilirsiniz. Bizimle b\u00fct\u00fcn haklar\u0131n\u0131z\u0131 \u00f6\u011frenebilir ve zaman kayb\u0131n\u0131z\u0131 minimuma indirebilirsiniz. <\/p>\r\n                <\/div>\r\n\r\n    [\/vc_column][vc_column width=&#8221;1\/2&#8243;][vc_row_inner][vc_column_inner width=&#8221;1\/2&#8243; css=&#8221;.vc_custom_1510557423051{margin-top: 75px !important;}&#8221;]\r\n    <div class=\"single-feature js-tilt\" style=\"background-image: linear-gradient( 51deg, #f7a800 0%, #eb5d0b);\">\r\n        <i class=\"fa fa-handshake-o\"><\/i>\r\n        <h5> Kullan\u0131c\u0131 Dostu Tasar\u0131m <\/h5>\r\n        <p> Uygulam\u0131m\u0131z\u0131 kullan\u0131rken arad\u0131\u011f\u0131n\u0131z t\u00fcm verilere kolayca ula\u015facabilirsiniz. <\/p>\r\n    <\/div>\r\n\r\n    \r\n    <div class=\"single-feature js-tilt\" style=\"background-image: linear-gradient( 51deg, #eb5d0b 0%, #f7a800);\">\r\n        <i class=\"fa fa-gavel\"><\/i>\r\n        <h5> T\u00fcm Haklar\u0131n\u0131z\u0131 \u00d6\u011frenin <\/h5>\r\n        <p> Kaza an\u0131nda uygulamam\u0131za dan\u0131\u015farak t\u00fcm haklar\u0131n\u0131z\u0131 \u00f6\u011frenin.  <\/p>\r\n    <\/div>\r\n\r\n    [\/vc_column_inner][vc_column_inner width=&#8221;1\/2&#8243;]\r\n    <div class=\"single-feature js-tilt\" style=\"background-image: linear-gradient( 51deg, #eb5d0b 0%, #f7a800);\">\r\n        <i class=\"fa fa-retweet\"><\/i>\r\n        <h5> Kaza Tespit Tutana\u011f\u0131n\u0131 Dert Etmeyin <\/h5>\r\n        <p> Yan\u0131n\u0131zda kaza tespit tutana\u011f\u0131 olup olmamas\u0131n\u0131 dert etmeyin! Bitutanak sizi y\u00f6nlendiriyor olacak! <\/p>\r\n    <\/div>\r\n\r\n    \r\n    <div class=\"single-feature js-tilt\" style=\"background-image: linear-gradient( 51deg, #f7a800 0%, #eb5d0b);\">\r\n        <i class=\"fa fa-spinner\"><\/i>\r\n        <h5> Zaman Kayb\u0131 Ya\u015famay\u0131n <\/h5>\r\n        <p> Bitutanak'ta uygulamadaki uzmanlar\u0131m\u0131z sizin i\u00e7in t\u00fcm s\u00fcre\u00e7leri takip ederken, siz hayat\u0131n\u0131za devam edebilirsiniz. <\/p>\r\n    <\/div>\r\n\r\n    [\/vc_column_inner][\/vc_row_inner][\/vc_column][\/vc_row][vc_row full_width=&#8221;stretch_row_content_no_spaces&#8221; css=&#8221;.vc_custom_1641665228385{margin-bottom: 100px !important;}&#8221; el_id=&#8221;kullanici-yorumlari&#8221;][vc_column css=&#8221;.vc_custom_1510585020078{padding-top: 0px !important;}&#8221;]\r\n    <div class=\"testimonial-section\">\r\n        <div class=\"container\">\r\n            <div class=\"row\">\r\n                <div class=\"col-lg-8 col-xs-12 float-right wow fadeInUp\">\r\n                    <div class=\"theme-title-one\">\r\n                        <h6> Bitutanak <\/h6>\r\n                        <h2> Kullan\u0131c\u0131 Yorumlar\u0131 <\/h2>\r\n                    <\/div> <!-- \/.theme-title-one -->\r\n                <\/div> <!-- \/.col- -->\r\n            <\/div> <!-- \/.row -->\r\n        <\/div> <!-- \/.container -->\r\n        <div class=\"main-bg-wrapper\" style=\"background: url(https:\/\/www.bitutanak.com\/wp-content\/uploads\/2022\/01\/kullanici-yorumlari.jpg) no-repeat center;\">\r\n            <div class=\"overlay\">\r\n                <div id=\"watch-video\">\r\n                    <h6>  <\/h6>\r\n                    <h4>  <\/h4>\r\n                    <a data-fancybox href=\"https:\/\/www.youtube.com\/embed\/r-AuLm7S3XE?rel=0&amshowinfo=0\" class=\"tran3s theme-button\"><i class=\"fa fa-play\" aria-hidden=\"true\"><span><\/span><\/i><\/a>\r\n                <\/div>\r\n                <div class=\"main-slider-wrapper\">\r\n                    <div class=\"testimonial-slider\">\r\n                                                    <div class=\"item\">\r\n                                <i class=\"flaticon-straight-quotes\"><\/i>\r\n                                <p> Yapt\u0131\u011f\u0131m kazada daha \u00f6nce indirdi\u011fim bu uygulama sayesinde y\u00f6nlendirildim. \u0130yi ki indirmi\u015fim. <\/p>\r\n                                <div class=\"clearfix\">\r\n                                    <img decoding=\"async\" src=\"https:\/\/www.bitutanak.com\/wp-content\/uploads\/2022\/01\/01.jpg\" alt=\"Eren Deniz\" class=\"float-left\">\r\n                                    <div class=\"name float-left\">\r\n                                        <h6> Eren Deniz <\/h6>\r\n                                        <span> \u0130stanbul <\/span>\r\n                                    <\/div>\r\n                                <\/div>\r\n                            <\/div>\r\n                                                        <div class=\"item\">\r\n                                <i class=\"flaticon-straight-quotes\"><\/i>\r\n                                <p> Ufak bir kaza ge\u00e7irmi\u015ftim. Bu kazan\u0131n ard\u0131ndan panik yapmadan hemen uygulamay\u0131 \u00e7al\u0131\u015ft\u0131rd\u0131m. Kendilerine \u00e7ok te\u015fekk\u00fcr ediyorum. <\/p>\r\n                                <div class=\"clearfix\">\r\n                                    <img decoding=\"async\" src=\"https:\/\/www.bitutanak.com\/wp-content\/uploads\/2022\/01\/02.jpg\" alt=\"Zeynep Y\u0131lmaz\" class=\"float-left\">\r\n                                    <div class=\"name float-left\">\r\n                                        <h6> Zeynep Y\u0131lmaz <\/h6>\r\n                                        <span> \u0130stanbul <\/span>\r\n                                    <\/div>\r\n                                <\/div>\r\n                            <\/div>\r\n                                                        <div class=\"item\">\r\n                                <i class=\"flaticon-straight-quotes\"><\/i>\r\n                                <p> Uygulama sayesinde ara\u00e7 kullan\u0131rken art\u0131k kendimi \u00e7ok daha g\u00fcvende hissediyorum. <\/p>\r\n                                <div class=\"clearfix\">\r\n                                    <img decoding=\"async\" src=\"https:\/\/www.bitutanak.com\/wp-content\/uploads\/2022\/01\/03.jpg\" alt=\"Buse Demir\" class=\"float-left\">\r\n                                    <div class=\"name float-left\">\r\n                                        <h6> Buse Demir <\/h6>\r\n                                        <span> Ankara <\/span>\r\n                                    <\/div>\r\n                                <\/div>\r\n                            <\/div>\r\n                            \r\n                    <\/div> <!-- \/.testimonial-slider -->\r\n                <\/div> <!-- \/.main-slider-wrapper -->\r\n            <\/div>\r\n        <\/div> <!-- \/.main-bg-wrapper -->\r\n    <\/div>\r\n\r\n    [\/vc_column][\/vc_row][vc_row el_id=&#8221;iletisim&#8221;][vc_column css=&#8221;.vc_custom_1510585050252{padding-top: 0px !important;}&#8221;]\r\n    <div class=\"contact-us-section\">\r\n        <div class=\"row\">\r\n            <div class=\"col-md-5 col-xs-12 pull-right\">\r\n                <address class=\"contact-address\">\r\n                    <div class=\"theme-title-one\">\r\n                        <h6> \u0130leti\u015fim <\/h6>\r\n                        <h2> Bizimle 7\/24 \u0130leti\u015fime Ge\u00e7ebilirsiniz <\/h2>\r\n                    <\/div> <!-- \/.theme-title -->\r\n                    Yandaki ileti\u015fim formunu doldurarak ya da a\u015fa\u011f\u0131daki telefon numaras\u0131n\u0131 arayarak bizimle ileti\u015fime ge\u00e7ebilirsiniz.<\/p>\n<p><a class=\"tran3s call\" href=\"#\">0(216) 939 39 30<\/a>                <\/address> <!-- \/.contact-address -->\r\n            <\/div>\r\n            <div id=\"contact-form\" class=\"col-md-7 col-xs-12\">\r\n                <form action=\"#contact-form\" method=\"post\" class=\"contact-us-form form-validation\" auto-complete=\"off\">\r\n                    <input type=\"email\" placeholder=\"E-posta adresi*\" name=\"email\">\r\n                    <input type=\"text\" placeholder=\"Konu*\" name=\"sub\">\r\n                    <textarea placeholder=\"Mesaj\u0131n\u0131z*\" name=\"message\"><\/textarea>\r\n                    <div class=\"theme-button\">\r\n                        <span><\/span>\r\n                        <input type=\"submit\" name=\"contact_submit\" value=\"G\u00d6NDER\">\r\n                    <\/div>\r\n                <\/form>\r\n            <\/div> <!-- \/.col- -->\r\n        <\/div> <!-- \/.row -->\r\n    <\/div>\r\n\r\n    [\/vc_column][\/vc_row]<\/p>\n","protected":false},"excerpt":{"rendered":"<p>[vc_row full_width=&#8221;stretch_row_content_no_spaces&#8221;][vc_column][\/vc_column][\/vc_row][vc_row el_id=&#8221;nasil-calisir&#8221;][vc_column css=&#8221;.vc_custom_1510585057371{padding-top: 0px !important;}&#8221;][\/vc_column][\/vc_row][vc_row el_class=&#8221;advance-feature&#8221; el_id=&#8221;ayricaliklar&#8221;][vc_column width=&#8221;1\/2&#8243;][\/vc_column][vc_column width=&#8221;1\/2&#8243;][vc_row_inner][vc_column_inner width=&#8221;1\/2&#8243; css=&#8221;.vc_custom_1510557423051{margin-top: 75px !important;}&#8221;][\/vc_column_inner][vc_column_inner width=&#8221;1\/2&#8243;][\/vc_column_inner][\/vc_row_inner][\/vc_column][\/vc_row][vc_row full_width=&#8221;stretch_row_content_no_spaces&#8221; css=&#8221;.vc_custom_1641665228385{margin-bottom: 100px !important;}&#8221; el_id=&#8221;kullanici-yorumlari&#8221;][vc_column css=&#8221;.vc_custom_1510585020078{padding-top: 0px !important;}&#8221;][\/vc_column][\/vc_row][vc_row el_id=&#8221;iletisim&#8221;][vc_column css=&#8221;.vc_custom_1510585050252{padding-top: 0px !important;}&#8221;][\/vc_column][\/vc_row]<\/p>\n","protected":false},"author":1,"featured_media":0,"parent":0,"menu_order":0,"comment_status":"closed","ping_status":"closed","template":"","meta":{"footnotes":""},"class_list":["post-3077","page","type-page","status-publish","hentry"],"_links":{"self":[{"href":"https:\/\/www.bitutanak.com\/index.php\/wp-json\/wp\/v2\/pages\/3077","targetHints":{"allow":["GET"]}}],"collection":[{"href":"https:\/\/www.bitutanak.com\/index.php\/wp-json\/wp\/v2\/pages"}],"about":[{"href":"https:\/\/www.bitutanak.com\/index.php\/wp-json\/wp\/v2\/types\/page"}],"author":[{"embeddable":true,"href":"https:\/\/www.bitutanak.com\/index.php\/wp-json\/wp\/v2\/users\/1"}],"replies":[{"embeddable":true,"href":"https:\/\/www.bitutanak.com\/index.php\/wp-json\/wp\/v2\/comments?post=3077"}],"version-history":[{"count":70,"href":"https:\/\/www.bitutanak.com\/index.php\/wp-json\/wp\/v2\/pages\/3077\/revisions"}],"predecessor-version":[{"id":3279,"href":"https:\/\/www.bitutanak.com\/index.php\/wp-json\/wp\/v2\/pages\/3077\/revisions\/3279"}],"wp:attachment":[{"href":"https:\/\/www.bitutanak.com\/index.php\/wp-json\/wp\/v2\/media?parent=3077"}],"curies":[{"name":"wp","href":"https:\/\/api.w.org\/{rel}","templated":true}]}}